{"id":26,"date":"2016-04-17T15:14:14","date_gmt":"2016-04-17T15:14:14","guid":{"rendered":"http:\/\/viftv.no\/?page_id=26"},"modified":"2016-04-17T15:21:13","modified_gmt":"2016-04-17T15:21:13","slug":"om-oss","status":"publish","type":"page","link":"http:\/\/viftv.no\/?page_id=26","title":{"rendered":"Om oss"},"content":{"rendered":"<p><span id=\"result_box\" class=\"\" lang=\"no\">ViftV ble grunnlagt i 2014. Selskapet har siden hatt en jevn vekst og fremtiden ser lys ut.<br \/>\nVi er leverand\u00f8r av elektriske installasjoner og prosjekter, samt utf\u00f8re alle typer arbeid knyttet til str\u00f8m og belysning, b\u00e5de i private og offentlige milj\u00f8er. Vi jobber med b\u00e5de sm\u00e5 og store prosjekter, og er partner i v\u00e4lanlitad kontrakter.<br \/>\nV\u00e5rt m\u00e5l er alltid \u00e5 tilby og <span class=\"\">levere<\/span> service av h\u00f8y kvalitet og produkt. Vi samarbeider med kunden i tankene, og <span class=\"\">bare bruke<\/span> utpr\u00f8vde materialer og metoder for installasjon.<br \/>\nVi arbeider for en mindre <span class=\"\">milj\u00f8belastning <\/span> og alle v\u00e5re elektronisk avfall kastes og resirkuleres n\u00e5r det er mulig.<br \/>\nSelskapets <span class=\"\">kontorer og lager<\/span> ligger i Bergen, og <span class=\"\">v\u00e5r oppgave<\/span> feltet strekker seg over hele S\u00f8r- og Midt-Norge.<\/span><\/p>\n<p><strong>ViftV<\/strong><br \/>\nGealtradgate 12<br \/>\n5014 Bergen kommune, Hordaland.<\/p>\n<p>Tel: 55 51 69 02<br \/>\n(07.00-16.00)<\/p>\n<p>E-post: info@viftv.no<\/p>\n<footer id=\"footer\">\n<div class=\"container\">\n<div class=\"clearfix\">\n<div id=\"text-4\" class=\"widget widget_text eight columns\">\n<div class=\"textwidget\"><center>\u00a0<\/center><\/div>\n<\/div>\n<\/div>\n<\/div>\n<\/footer>\n","protected":false},"excerpt":{"rendered":"<p>ViftV ble grunnlagt i 2014. Selskapet har siden hatt en jevn vekst og fremtiden ser lys ut. Vi er leverand\u00f8r av elektriske installasjoner og prosjekter, samt utf\u00f8re alle typer arbeid knyttet til str\u00f8m og belysning, b\u00e5de i private og offentlige milj\u00f8er. Vi jobber med b\u00e5de sm\u00e5 og store prosjekter, og er partner i v\u00e4lanlitad kontrakter.<\/p>\n<p class=\"more-link\"><a href=\"http:\/\/viftv.no\/?page_id=26\" class=\"themebutton2\">READ MORE<\/a><\/p>\n","protected":false},"author":1,"featured_media":0,"parent":0,"menu_order":0,"comment_status":"closed","ping_status":"closed","template":"","meta":{"footnotes":""},"_links":{"self":[{"href":"http:\/\/viftv.no\/index.php?rest_route=\/wp\/v2\/pages\/26"}],"collection":[{"href":"http:\/\/viftv.no\/index.php?rest_route=\/wp\/v2\/pages"}],"about":[{"href":"http:\/\/viftv.no\/index.php?rest_route=\/wp\/v2\/types\/page"}],"author":[{"embeddable":true,"href":"http:\/\/viftv.no\/index.php?rest_route=\/wp\/v2\/users\/1"}],"replies":[{"embeddable":true,"href":"http:\/\/viftv.no\/index.php?rest_route=%2Fwp%2Fv2%2Fcomments&post=26"}],"version-history":[{"count":6,"href":"http:\/\/viftv.no\/index.php?rest_route=\/wp\/v2\/pages\/26\/revisions"}],"predecessor-version":[{"id":32,"href":"http:\/\/viftv.no\/index.php?rest_route=\/wp\/v2\/pages\/26\/revisions\/32"}],"wp:attachment":[{"href":"http:\/\/viftv.no\/index.php?rest_route=%2Fwp%2Fv2%2Fmedia&parent=26"}],"curies":[{"name":"wp","href":"https:\/\/api.w.org\/{rel}","templated":true}]}}